{"id":270,"date":"2023-09-27T13:43:16","date_gmt":"2023-09-27T10:43:16","guid":{"rendered":"http:\/\/www.ms-technicoy.com\/?page_id=270"},"modified":"2024-06-26T14:19:09","modified_gmt":"2024-06-26T11:19:09","slug":"ts-tuning","status":"publish","type":"page","link":"http:\/\/www.ms-technicoy.com\/en\/ts-tuning\/","title":{"rendered":"TS-Tuning"},"content":{"rendered":"<div data-elementor-type=\"wp-page\" data-elementor-id=\"270\" class=\"elementor elementor-270\">\n\t\t\t\t<div class=\"elementor-element elementor-element-d5070ba e-con-full e-flex e-con e-parent\" data-id=\"d5070ba\" data-element_type=\"container\" data-settings=\"{&quot;content_width&quot;:&quot;full&quot;}\" data-core-v316-plus=\"true\">\n\t\t<div class=\"elementor-element elementor-element-5a4af3c e-con-full e-flex e-con e-child\" data-id=\"5a4af3c\" data-element_type=\"container\" data-settings=\"{&quot;content_width&quot;:&quot;full&quot;}\">\n\t\t\t\t<div class=\"elementor-element elementor-element-16d2894 elementor-widget elementor-widget-text-editor\" data-id=\"16d2894\" data-element_type=\"widget\" data-widget_type=\"text-editor.default\">\n\t\t\t\t<div class=\"elementor-widget-container\">\n\t\t\t<style>\/*! elementor - v3.19.0 - 29-01-2024 *\/\n.elementor-widget-text-editor.elementor-drop-cap-view-stacked .elementor-drop-cap{background-color:#69727d;color:#fff}.elementor-widget-text-editor.elementor-drop-cap-view-framed .elementor-drop-cap{color:#69727d;border:3px solid;background-color:transparent}.elementor-widget-text-editor:not(.elementor-drop-cap-view-default) .elementor-drop-cap{margin-top:8px}.elementor-widget-text-editor:not(.elementor-drop-cap-view-default) .elementor-drop-cap-letter{width:1em;height:1em}.elementor-widget-text-editor .elementor-drop-cap{float:left;text-align:center;line-height:1;font-size:50px}.elementor-widget-text-editor .elementor-drop-cap-letter{display:inline-block}<\/style>\t\t\t\t<p>TS-Tuning tarjoaa monenlaisia palveluita kaikenlaisiin kulkineisiin liittyen, my\u00f6skin erikoisempiin ongelmiin!<\/p><p style=\"text-align: left;\">Palveluihin kuuluu esimerkiksi:<\/p><ul><li>M\u00e4\u00e4r\u00e4aikaishuollot<\/li><li>M\u00e4\u00e4r\u00e4aikaiskatsastukset<\/li><li>Korjaukset<\/li><li>Moottorinkorjaukset<\/li><li>Vaihteistokorjaukset<\/li><li>Ohjelmointi\/Koodaus<\/li><li>Vianhaku erilaisin menetelmin<\/li><\/ul><p>Otathan yhteytt\u00e4, <em><strong>Tomi Saari<\/strong><\/em> <span style=\"color: #0000ff;\"><strong><em><span style=\"text-decoration: underline;\">+358 45 1313 900<\/span><\/em><\/strong><\/span><\/p>\t\t\t\t\t\t<\/div>\n\t\t\t\t<\/div>\n\t\t\t\t<\/div>\n\t\t<div class=\"elementor-element elementor-element-8addf80 e-con-full e-flex e-con e-child\" data-id=\"8addf80\" data-element_type=\"container\" data-settings=\"{&quot;content_width&quot;:&quot;full&quot;}\">\n\t\t\t\t<\/div>\n\t\t<div class=\"elementor-element elementor-element-1654438 e-con-full e-flex e-con e-child\" data-id=\"1654438\" data-element_type=\"container\" data-settings=\"{&quot;content_width&quot;:&quot;full&quot;}\">\n\t\t\t\t<\/div>\n\t\t<div class=\"elementor-element elementor-element-46c2abb e-con-full e-flex e-con e-child\" data-id=\"46c2abb\" data-element_type=\"container\" data-settings=\"{&quot;content_width&quot;:&quot;full&quot;}\">\n\t\t\t\t<\/div>\n\t\t\t\t<\/div>\n\t\t\t\t<\/div>","protected":false},"excerpt":{"rendered":"<p>TS-Tuning tarjoaa monenlaisia palveluita kaikenlaisiin kulkineisiin liittyen, my\u00f6skin erikoisempiin ongelmiin! Palveluihin kuuluu esimerkiksi: M\u00e4\u00e4r\u00e4aikaishuollot M\u00e4\u00e4r\u00e4aikaiskatsastukset Korjaukset Moottorinkorjaukset Vaihteistokorjaukset Ohjelmointi\/Koodaus Vianhaku erilaisin menetelmin Otathan yhteytt\u00e4, Tomi Saari +358 45 1313 900<\/p>","protected":false},"author":1,"featured_media":0,"parent":0,"menu_order":0,"comment_status":"closed","ping_status":"closed","template":"","meta":{"site-sidebar-layout":"no-sidebar","site-content-layout":"","ast-site-content-layout":"full-width-container","site-content-style":"default","site-sidebar-style":"default","ast-global-header-display":"","ast-banner-title-visibility":"","ast-main-header-display":"","ast-hfb-above-header-display":"","ast-hfb-below-header-display":"","ast-hfb-mobile-header-display":"","site-post-title":"","ast-breadcrumbs-content":"","ast-featured-img":"disabled","footer-sml-layout":"","theme-transparent-header-meta":"","adv-header-id-meta":"","stick-header-meta":"","header-above-stick-meta":"","header-main-stick-meta":"","header-below-stick-meta":"","astra-migrate-meta-layouts":"","footnotes":""},"class_list":["post-270","page","type-page","status-publish","hentry"],"yoast_head":"<!-- This site is optimized with the Yoast SEO plugin v21.2 - https:\/\/yoast.com\/wordpress\/plugins\/seo\/ -->\n<title>TS-Tuning - MS-Technic Oy<\/title>\n<meta name=\"robots\" content=\"index, follow, max-snippet:-1, max-image-preview:large, max-video-preview:-1\" \/>\n<link rel=\"canonical\" href=\"http:\/\/www.ms-technicoy.com\/en\/ts-tuning\/\" \/>\n<meta property=\"og:locale\" content=\"en_US\" \/>\n<meta property=\"og:type\" content=\"article\" \/>\n<meta property=\"og:title\" content=\"TS-Tuning - MS-Technic Oy\" \/>\n<meta property=\"og:description\" content=\"TS-Tuning tarjoaa monenlaisia palveluita kaikenlaisiin kulkineisiin liittyen, my\u00f6skin erikoisempiin ongelmiin! Palveluihin kuuluu esimerkiksi: M\u00e4\u00e4r\u00e4aikaishuollot M\u00e4\u00e4r\u00e4aikaiskatsastukset Korjaukset Moottorinkorjaukset Vaihteistokorjaukset Ohjelmointi\/Koodaus Vianhaku erilaisin menetelmin Otathan yhteytt\u00e4, Tomi Saari +358 45 1313 900\" \/>\n<meta property=\"og:url\" content=\"http:\/\/www.ms-technicoy.com\/en\/ts-tuning\/\" \/>\n<meta property=\"og:site_name\" content=\"MS-Technic Oy\" \/>\n<meta property=\"article:publisher\" content=\"https:\/\/www.facebook.com\/mstekniikka\" \/>\n<meta property=\"article:modified_time\" content=\"2024-06-26T11:19:09+00:00\" \/>\n<meta name=\"twitter:card\" content=\"summary_large_image\" \/>\n<meta name=\"twitter:label1\" content=\"Est. reading time\" \/>\n\t<meta name=\"twitter:data1\" content=\"1 minute\" \/>\n<script type=\"application\/ld+json\" class=\"yoast-schema-graph\">{\"@context\":\"https:\/\/schema.org\",\"@graph\":[{\"@type\":\"WebPage\",\"@id\":\"https:\/\/www.ms-technicoy.com\/ts-tuning\/\",\"url\":\"https:\/\/www.ms-technicoy.com\/ts-tuning\/\",\"name\":\"TS-Tuning - MS-Technic Oy\",\"isPartOf\":{\"@id\":\"http:\/\/www.ms-technicoy.com\/#website\"},\"datePublished\":\"2023-09-27T10:43:16+00:00\",\"dateModified\":\"2024-06-26T11:19:09+00:00\",\"breadcrumb\":{\"@id\":\"https:\/\/www.ms-technicoy.com\/ts-tuning\/#breadcrumb\"},\"inLanguage\":\"en-US\",\"potentialAction\":[{\"@type\":\"ReadAction\",\"target\":[\"https:\/\/www.ms-technicoy.com\/ts-tuning\/\"]}]},{\"@type\":\"BreadcrumbList\",\"@id\":\"https:\/\/www.ms-technicoy.com\/ts-tuning\/#breadcrumb\",\"itemListElement\":[{\"@type\":\"ListItem\",\"position\":1,\"name\":\"Etusivu\",\"item\":\"https:\/\/www.ms-technicoy.com\/\"},{\"@type\":\"ListItem\",\"position\":2,\"name\":\"TS-Tuning\"}]},{\"@type\":\"WebSite\",\"@id\":\"http:\/\/www.ms-technicoy.com\/#website\",\"url\":\"http:\/\/www.ms-technicoy.com\/\",\"name\":\"MS-Technic Oy\",\"description\":\"\",\"publisher\":{\"@id\":\"http:\/\/www.ms-technicoy.com\/#organization\"},\"potentialAction\":[{\"@type\":\"SearchAction\",\"target\":{\"@type\":\"EntryPoint\",\"urlTemplate\":\"http:\/\/www.ms-technicoy.com\/?s={search_term_string}\"},\"query-input\":\"required name=search_term_string\"}],\"inLanguage\":\"en-US\"},{\"@type\":\"Organization\",\"@id\":\"http:\/\/www.ms-technicoy.com\/#organization\",\"name\":\"MS-Technic Oy\",\"url\":\"http:\/\/www.ms-technicoy.com\/\",\"logo\":{\"@type\":\"ImageObject\",\"inLanguage\":\"en-US\",\"@id\":\"http:\/\/www.ms-technicoy.com\/#\/schema\/logo\/image\/\",\"url\":\"http:\/\/www.ms-technicoy.com\/wp-content\/uploads\/2024\/02\/ms-teknii.png\",\"contentUrl\":\"http:\/\/www.ms-technicoy.com\/wp-content\/uploads\/2024\/02\/ms-teknii.png\",\"width\":500,\"height\":200,\"caption\":\"MS-Technic Oy\"},\"image\":{\"@id\":\"http:\/\/www.ms-technicoy.com\/#\/schema\/logo\/image\/\"},\"sameAs\":[\"https:\/\/www.facebook.com\/mstekniikka\"]}]}<\/script>\n<!-- \/ Yoast SEO plugin. -->","yoast_head_json":{"title":"TS-Tuning - MS-Technic Oy","robots":{"index":"index","follow":"follow","max-snippet":"max-snippet:-1","max-image-preview":"max-image-preview:large","max-video-preview":"max-video-preview:-1"},"canonical":"http:\/\/www.ms-technicoy.com\/en\/ts-tuning\/","og_locale":"en_US","og_type":"article","og_title":"TS-Tuning - MS-Technic Oy","og_description":"TS-Tuning tarjoaa monenlaisia palveluita kaikenlaisiin kulkineisiin liittyen, my\u00f6skin erikoisempiin ongelmiin! Palveluihin kuuluu esimerkiksi: M\u00e4\u00e4r\u00e4aikaishuollot M\u00e4\u00e4r\u00e4aikaiskatsastukset Korjaukset Moottorinkorjaukset Vaihteistokorjaukset Ohjelmointi\/Koodaus Vianhaku erilaisin menetelmin Otathan yhteytt\u00e4, Tomi Saari +358 45 1313 900","og_url":"http:\/\/www.ms-technicoy.com\/en\/ts-tuning\/","og_site_name":"MS-Technic Oy","article_publisher":"https:\/\/www.facebook.com\/mstekniikka","article_modified_time":"2024-06-26T11:19:09+00:00","twitter_card":"summary_large_image","twitter_misc":{"Est. reading time":"1 minute"},"schema":{"@context":"https:\/\/schema.org","@graph":[{"@type":"WebPage","@id":"https:\/\/www.ms-technicoy.com\/ts-tuning\/","url":"https:\/\/www.ms-technicoy.com\/ts-tuning\/","name":"TS-Tuning - MS-Technic Oy","isPartOf":{"@id":"http:\/\/www.ms-technicoy.com\/#website"},"datePublished":"2023-09-27T10:43:16+00:00","dateModified":"2024-06-26T11:19:09+00:00","breadcrumb":{"@id":"https:\/\/www.ms-technicoy.com\/ts-tuning\/#breadcrumb"},"inLanguage":"en-US","potentialAction":[{"@type":"ReadAction","target":["https:\/\/www.ms-technicoy.com\/ts-tuning\/"]}]},{"@type":"BreadcrumbList","@id":"https:\/\/www.ms-technicoy.com\/ts-tuning\/#breadcrumb","itemListElement":[{"@type":"ListItem","position":1,"name":"Etusivu","item":"https:\/\/www.ms-technicoy.com\/"},{"@type":"ListItem","position":2,"name":"TS-Tuning"}]},{"@type":"WebSite","@id":"http:\/\/www.ms-technicoy.com\/#website","url":"http:\/\/www.ms-technicoy.com\/","name":"MS-Technic Oy","description":"","publisher":{"@id":"http:\/\/www.ms-technicoy.com\/#organization"},"potentialAction":[{"@type":"SearchAction","target":{"@type":"EntryPoint","urlTemplate":"http:\/\/www.ms-technicoy.com\/?s={search_term_string}"},"query-input":"required name=search_term_string"}],"inLanguage":"en-US"},{"@type":"Organization","@id":"http:\/\/www.ms-technicoy.com\/#organization","name":"MS-Technic Oy","url":"http:\/\/www.ms-technicoy.com\/","logo":{"@type":"ImageObject","inLanguage":"en-US","@id":"http:\/\/www.ms-technicoy.com\/#\/schema\/logo\/image\/","url":"http:\/\/www.ms-technicoy.com\/wp-content\/uploads\/2024\/02\/ms-teknii.png","contentUrl":"http:\/\/www.ms-technicoy.com\/wp-content\/uploads\/2024\/02\/ms-teknii.png","width":500,"height":200,"caption":"MS-Technic Oy"},"image":{"@id":"http:\/\/www.ms-technicoy.com\/#\/schema\/logo\/image\/"},"sameAs":["https:\/\/www.facebook.com\/mstekniikka"]}]}},"_links":{"self":[{"href":"http:\/\/www.ms-technicoy.com\/en\/wp-json\/wp\/v2\/pages\/270","targetHints":{"allow":["GET"]}}],"collection":[{"href":"http:\/\/www.ms-technicoy.com\/en\/wp-json\/wp\/v2\/pages"}],"about":[{"href":"http:\/\/www.ms-technicoy.com\/en\/wp-json\/wp\/v2\/types\/page"}],"author":[{"embeddable":true,"href":"http:\/\/www.ms-technicoy.com\/en\/wp-json\/wp\/v2\/users\/1"}],"replies":[{"embeddable":true,"href":"http:\/\/www.ms-technicoy.com\/en\/wp-json\/wp\/v2\/comments?post=270"}],"version-history":[{"count":51,"href":"http:\/\/www.ms-technicoy.com\/en\/wp-json\/wp\/v2\/pages\/270\/revisions"}],"predecessor-version":[{"id":672,"href":"http:\/\/www.ms-technicoy.com\/en\/wp-json\/wp\/v2\/pages\/270\/revisions\/672"}],"wp:attachment":[{"href":"http:\/\/www.ms-technicoy.com\/en\/wp-json\/wp\/v2\/media?parent=270"}],"curies":[{"name":"wp","href":"https:\/\/api.w.org\/{rel}","templated":true}]}}