{"id":284,"date":"2023-09-27T13:45:56","date_gmt":"2023-09-27T10:45:56","guid":{"rendered":"http:\/\/www.ms-technicoy.com\/?page_id=284"},"modified":"2025-10-17T10:03:14","modified_gmt":"2025-10-17T07:03:14","slug":"raskaskonehuolto","status":"publish","type":"page","link":"http:\/\/www.ms-technicoy.com\/en\/raskaskonehuolto\/","title":{"rendered":"Heavy machinery maintanance"},"content":{"rendered":"<p>Raskaskonehuolto palvelee moniin erilaisiin tarpeisiin.<\/p>\n<p>Huollamme ja korjaamme kattavasti kaikki koneet ja laitteet sek\u00e4 kauttamme saa varaosat niihin.<\/p>\n<p>Meill\u00e4 tehd\u00e4\u00e4n my\u00f6s hydrauliikkaty\u00f6t, letkuty\u00f6t, paineen ja virtauksen mittausty\u00f6t sek\u00e4 satunnaisia tasapainoitust\u00f6it\u00e4.<\/p>\n<p>Otathan yhteytt\u00e4, <em><strong>Tomi Saari<\/strong><\/em> <strong><em>+358 45 1313 900<\/em><\/strong><\/p>\n<style>\/*! elementor - v3.19.0 - 29-01-2024 *\/<br \/>\n.elementor-image-gallery .gallery-item{display:inline-block;text-align:center;vertical-align:top;width:100%;max-width:100%;margin:0 auto}.elementor-image-gallery .gallery-item img{margin:0 auto}.elementor-image-gallery .gallery-item .gallery-caption{margin:0}.elementor-image-gallery figure img{display:block}.elementor-image-gallery figure figcaption{width:100%}.gallery-spacing-custom .elementor-image-gallery .gallery-icon{padding:0}@media (min-width:768px){.elementor-image-gallery .gallery-columns-2 .gallery-item{max-width:50%}.elementor-image-gallery .gallery-columns-3 .gallery-item{max-width:33.33%}.elementor-image-gallery .gallery-columns-4 .gallery-item{max-width:25%}.elementor-image-gallery .gallery-columns-5 .gallery-item{max-width:20%}.elementor-image-gallery .gallery-columns-6 .gallery-item{max-width:16.666%}.elementor-image-gallery .gallery-columns-7 .gallery-item{max-width:14.28%}.elementor-image-gallery .gallery-columns-8 .gallery-item{max-width:12.5%}.elementor-image-gallery .gallery-columns-9 .gallery-item{max-width:11.11%}.elementor-image-gallery .gallery-columns-10 .gallery-item{max-width:10%}}@media (min-width:480px) and (max-width:767px){.elementor-image-gallery .gallery.gallery-columns-2 .gallery-item,.elementor-image-gallery .gallery.gallery-columns-3 .gallery-item,.elementor-image-gallery .gallery.gallery-columns-4 .gallery-item,.elementor-image-gallery .gallery.gallery-columns-5 .gallery-item,.elementor-image-gallery .gallery.gallery-columns-6 .gallery-item,.elementor-image-gallery .gallery.gallery-columns-7 .gallery-item,.elementor-image-gallery .gallery.gallery-columns-8 .gallery-item,.elementor-image-gallery .gallery.gallery-columns-9 .gallery-item,.elementor-image-gallery .gallery.gallery-columns-10 .gallery-item{max-width:50%}}@media (max-width:479px){.elementor-image-gallery .gallery.gallery-columns-2 .gallery-item,.elementor-image-gallery .gallery.gallery-columns-3 .gallery-item,.elementor-image-gallery .gallery.gallery-columns-4 .gallery-item,.elementor-image-gallery .gallery.gallery-columns-5 .gallery-item,.elementor-image-gallery .gallery.gallery-columns-6 .gallery-item,.elementor-image-gallery .gallery.gallery-columns-7 .gallery-item,.elementor-image-gallery .gallery.gallery-columns-8 .gallery-item,.elementor-image-gallery .gallery.gallery-columns-9 .gallery-item,.elementor-image-gallery .gallery.gallery-columns-10 .gallery-item{max-width:100%}}<\/style>\n<figure class=\"gallery-item\"><a href=\"http:\/\/www.ms-technicoy.com\/wp-content\/uploads\/2024\/01\/Screenshot-2023-09-27-at-21-53-37-CBI_Logo-High-Pic.pdf.png\" data-elementor-open-lightbox=\"yes\" data-elementor-lightbox-slideshow=\"99f981a\" data-elementor-lightbox-title=\"CBI\" data-e-action-hash=\"#elementor-action%3Aaction%3Dlightbox%26settings%3DeyJpZCI6MzQxLCJ1cmwiOiJodHRwOlwvXC93d3cubXMtdGVjaG5pY295LmNvbVwvd3AtY29udGVudFwvdXBsb2Fkc1wvMjAyNFwvMDFcL1NjcmVlbnNob3QtMjAyMy0wOS0yNy1hdC0yMS01My0zNy1DQklfTG9nby1IaWdoLVBpYy5wZGYucG5nIiwic2xpZGVzaG93IjoiOTlmOTgxYSJ9\"><img fetchpriority=\"high\" decoding=\"async\" src=\"http:\/\/www.ms-technicoy.com\/wp-content\/uploads\/2024\/01\/Screenshot-2023-09-27-at-21-53-37-CBI_Logo-High-Pic.pdf.png\" sizes=\"(max-width: 871px) 100vw, 871px\" srcset=\"http:\/\/www.ms-technicoy.com\/wp-content\/uploads\/2024\/01\/Screenshot-2023-09-27-at-21-53-37-CBI_Logo-High-Pic.pdf.png 871w, http:\/\/www.ms-technicoy.com\/wp-content\/uploads\/2024\/01\/Screenshot-2023-09-27-at-21-53-37-CBI_Logo-High-Pic.pdf-300x287.png 300w, http:\/\/www.ms-technicoy.com\/wp-content\/uploads\/2024\/01\/Screenshot-2023-09-27-at-21-53-37-CBI_Logo-High-Pic.pdf-150x143.png 150w, http:\/\/www.ms-technicoy.com\/wp-content\/uploads\/2024\/01\/Screenshot-2023-09-27-at-21-53-37-CBI_Logo-High-Pic.pdf-768x734.png 768w, http:\/\/www.ms-technicoy.com\/wp-content\/uploads\/2024\/01\/Screenshot-2023-09-27-at-21-53-37-CBI_Logo-High-Pic.pdf-13x12.png 13w\" alt=\"\" width=\"871\" height=\"833\" \/><\/a><\/figure>\n<figure class=\"gallery-item\"><a href=\"http:\/\/www.ms-technicoy.com\/wp-content\/uploads\/2023\/09\/Webasto_logo.png\" data-elementor-open-lightbox=\"yes\" data-elementor-lightbox-slideshow=\"99f981a\" data-elementor-lightbox-title=\"Webasto\" data-e-action-hash=\"#elementor-action%3Aaction%3Dlightbox%26settings%3DeyJpZCI6MjE2LCJ1cmwiOiJodHRwOlwvXC93d3cubXMtdGVjaG5pY295LmNvbVwvd3AtY29udGVudFwvdXBsb2Fkc1wvMjAyM1wvMDlcL1dlYmFzdG9fbG9nby5wbmciLCJzbGlkZXNob3ciOiI5OWY5ODFhIn0%3D\"><img decoding=\"async\" src=\"http:\/\/www.ms-technicoy.com\/wp-content\/uploads\/2023\/09\/Webasto_logo.png\" sizes=\"(max-width: 2560px) 100vw, 2560px\" srcset=\"http:\/\/www.ms-technicoy.com\/wp-content\/uploads\/2023\/09\/Webasto_logo.png 2560w, http:\/\/www.ms-technicoy.com\/wp-content\/uploads\/2023\/09\/Webasto_logo-300x64.png 300w, http:\/\/www.ms-technicoy.com\/wp-content\/uploads\/2023\/09\/Webasto_logo-1024x217.png 1024w, http:\/\/www.ms-technicoy.com\/wp-content\/uploads\/2023\/09\/Webasto_logo-768x163.png 768w, http:\/\/www.ms-technicoy.com\/wp-content\/uploads\/2023\/09\/Webasto_logo-1536x326.png 1536w, http:\/\/www.ms-technicoy.com\/wp-content\/uploads\/2023\/09\/Webasto_logo-2048x434.png 2048w\" alt=\"\" width=\"2560\" height=\"543\" \/><\/a><\/figure>\n<figure class=\"gallery-item\"><a href=\"http:\/\/www.ms-technicoy.com\/wp-content\/uploads\/2023\/09\/engcon.png\" data-elementor-open-lightbox=\"yes\" data-elementor-lightbox-slideshow=\"99f981a\" data-elementor-lightbox-title=\"Engcon\" data-e-action-hash=\"#elementor-action%3Aaction%3Dlightbox%26settings%3DeyJpZCI6MjEyLCJ1cmwiOiJodHRwOlwvXC93d3cubXMtdGVjaG5pY295LmNvbVwvd3AtY29udGVudFwvdXBsb2Fkc1wvMjAyM1wvMDlcL2VuZ2Nvbi5wbmciLCJzbGlkZXNob3ciOiI5OWY5ODFhIn0%3D\"><img decoding=\"async\" src=\"http:\/\/www.ms-technicoy.com\/wp-content\/uploads\/2023\/09\/engcon.png\" sizes=\"(max-width: 392px) 100vw, 392px\" srcset=\"http:\/\/www.ms-technicoy.com\/wp-content\/uploads\/2023\/09\/engcon.png 392w, http:\/\/www.ms-technicoy.com\/wp-content\/uploads\/2023\/09\/engcon-300x98.png 300w\" alt=\"\" width=\"392\" height=\"128\" \/><\/a><\/figure>\n<figure class=\"gallery-item\"><a href=\"http:\/\/www.ms-technicoy.com\/wp-content\/uploads\/2024\/02\/WhatsApp-Image-2024-02-04-at-14.04.243.jpeg\" data-elementor-open-lightbox=\"yes\" data-elementor-lightbox-slideshow=\"99f981a\" data-elementor-lightbox-title=\"CBI\" data-e-action-hash=\"#elementor-action%3Aaction%3Dlightbox%26settings%3DeyJpZCI6NTc2LCJ1cmwiOiJodHRwOlwvXC93d3cubXMtdGVjaG5pY295LmNvbVwvd3AtY29udGVudFwvdXBsb2Fkc1wvMjAyNFwvMDJcL1doYXRzQXBwLUltYWdlLTIwMjQtMDItMDQtYXQtMTQuMDQuMjQzLmpwZWciLCJzbGlkZXNob3ciOiI5OWY5ODFhIn0%3D\"><img loading=\"lazy\" decoding=\"async\" src=\"http:\/\/www.ms-technicoy.com\/wp-content\/uploads\/2024\/02\/WhatsApp-Image-2024-02-04-at-14.04.243.jpeg\" sizes=\"(max-width: 1536px) 100vw, 1536px\" srcset=\"http:\/\/www.ms-technicoy.com\/wp-content\/uploads\/2024\/02\/WhatsApp-Image-2024-02-04-at-14.04.243.jpeg 1536w, http:\/\/www.ms-technicoy.com\/wp-content\/uploads\/2024\/02\/WhatsApp-Image-2024-02-04-at-14.04.243-225x300.jpeg 225w, http:\/\/www.ms-technicoy.com\/wp-content\/uploads\/2024\/02\/WhatsApp-Image-2024-02-04-at-14.04.243-768x1024.jpeg 768w, http:\/\/www.ms-technicoy.com\/wp-content\/uploads\/2024\/02\/WhatsApp-Image-2024-02-04-at-14.04.243-113x150.jpeg 113w, http:\/\/www.ms-technicoy.com\/wp-content\/uploads\/2024\/02\/WhatsApp-Image-2024-02-04-at-14.04.243-1152x1536.jpeg 1152w, http:\/\/www.ms-technicoy.com\/wp-content\/uploads\/2024\/02\/WhatsApp-Image-2024-02-04-at-14.04.243-9x12.jpeg 9w\" alt=\"\" width=\"1536\" height=\"2048\" \/><\/a><\/figure>\n<figure class=\"gallery-item\"><a href=\"http:\/\/www.ms-technicoy.com\/wp-content\/uploads\/2024\/02\/WhatsApp-Image-2024-02-04-at-14.04.242.jpeg\" data-elementor-open-lightbox=\"yes\" data-elementor-lightbox-slideshow=\"99f981a\" data-elementor-lightbox-title=\"CBI\" data-e-action-hash=\"#elementor-action%3Aaction%3Dlightbox%26settings%3DeyJpZCI6NTc1LCJ1cmwiOiJodHRwOlwvXC93d3cubXMtdGVjaG5pY295LmNvbVwvd3AtY29udGVudFwvdXBsb2Fkc1wvMjAyNFwvMDJcL1doYXRzQXBwLUltYWdlLTIwMjQtMDItMDQtYXQtMTQuMDQuMjQyLmpwZWciLCJzbGlkZXNob3ciOiI5OWY5ODFhIn0%3D\"><img loading=\"lazy\" decoding=\"async\" src=\"http:\/\/www.ms-technicoy.com\/wp-content\/uploads\/2024\/02\/WhatsApp-Image-2024-02-04-at-14.04.242.jpeg\" sizes=\"(max-width: 1536px) 100vw, 1536px\" srcset=\"http:\/\/www.ms-technicoy.com\/wp-content\/uploads\/2024\/02\/WhatsApp-Image-2024-02-04-at-14.04.242.jpeg 1536w, http:\/\/www.ms-technicoy.com\/wp-content\/uploads\/2024\/02\/WhatsApp-Image-2024-02-04-at-14.04.242-225x300.jpeg 225w, http:\/\/www.ms-technicoy.com\/wp-content\/uploads\/2024\/02\/WhatsApp-Image-2024-02-04-at-14.04.242-768x1024.jpeg 768w, http:\/\/www.ms-technicoy.com\/wp-content\/uploads\/2024\/02\/WhatsApp-Image-2024-02-04-at-14.04.242-113x150.jpeg 113w, http:\/\/www.ms-technicoy.com\/wp-content\/uploads\/2024\/02\/WhatsApp-Image-2024-02-04-at-14.04.242-1152x1536.jpeg 1152w, http:\/\/www.ms-technicoy.com\/wp-content\/uploads\/2024\/02\/WhatsApp-Image-2024-02-04-at-14.04.242-9x12.jpeg 9w\" alt=\"\" width=\"1536\" height=\"2048\" \/><\/a><\/figure>\n<figure class=\"gallery-item\"><a href=\"http:\/\/www.ms-technicoy.com\/wp-content\/uploads\/2024\/02\/WhatsApp-Image-2024-02-04-at-14.04.244.jpeg\" data-elementor-open-lightbox=\"yes\" data-elementor-lightbox-slideshow=\"99f981a\" data-elementor-lightbox-title=\"Lift Work\" data-e-action-hash=\"#elementor-action%3Aaction%3Dlightbox%26settings%3DeyJpZCI6NTc3LCJ1cmwiOiJodHRwOlwvXC93d3cubXMtdGVjaG5pY295LmNvbVwvd3AtY29udGVudFwvdXBsb2Fkc1wvMjAyNFwvMDJcL1doYXRzQXBwLUltYWdlLTIwMjQtMDItMDQtYXQtMTQuMDQuMjQ0LmpwZWciLCJzbGlkZXNob3ciOiI5OWY5ODFhIn0%3D\"><img loading=\"lazy\" decoding=\"async\" src=\"http:\/\/www.ms-technicoy.com\/wp-content\/uploads\/2024\/02\/WhatsApp-Image-2024-02-04-at-14.04.244.jpeg\" sizes=\"(max-width: 1536px) 100vw, 1536px\" srcset=\"http:\/\/www.ms-technicoy.com\/wp-content\/uploads\/2024\/02\/WhatsApp-Image-2024-02-04-at-14.04.244.jpeg 1536w, http:\/\/www.ms-technicoy.com\/wp-content\/uploads\/2024\/02\/WhatsApp-Image-2024-02-04-at-14.04.244-225x300.jpeg 225w, http:\/\/www.ms-technicoy.com\/wp-content\/uploads\/2024\/02\/WhatsApp-Image-2024-02-04-at-14.04.244-768x1024.jpeg 768w, http:\/\/www.ms-technicoy.com\/wp-content\/uploads\/2024\/02\/WhatsApp-Image-2024-02-04-at-14.04.244-113x150.jpeg 113w, http:\/\/www.ms-technicoy.com\/wp-content\/uploads\/2024\/02\/WhatsApp-Image-2024-02-04-at-14.04.244-1152x1536.jpeg 1152w, http:\/\/www.ms-technicoy.com\/wp-content\/uploads\/2024\/02\/WhatsApp-Image-2024-02-04-at-14.04.244-9x12.jpeg 9w\" alt=\"\" width=\"1536\" height=\"2048\" \/><\/a><\/figure>","protected":false},"excerpt":{"rendered":"<p>Raskaskonehuolto palvelee moniin erilaisiin tarpeisiin. Huollamme ja korjaamme kattavasti kaikki koneet ja laitteet sek\u00e4 kauttamme saa varaosat niihin. Meill\u00e4 tehd\u00e4\u00e4n my\u00f6s hydrauliikkaty\u00f6t, letkuty\u00f6t, paineen ja virtauksen mittausty\u00f6t sek\u00e4 satunnaisia tasapainoitust\u00f6it\u00e4. Otathan yhteytt\u00e4, Tomi Saari +358 45 1313 900<\/p>","protected":false},"author":1,"featured_media":0,"parent":0,"menu_order":0,"comment_status":"closed","ping_status":"closed","template":"","meta":{"site-sidebar-layout":"no-sidebar","site-content-layout":"","ast-site-content-layout":"full-width-container","site-content-style":"default","site-sidebar-style":"default","ast-global-header-display":"","ast-banner-title-visibility":"","ast-main-header-display":"","ast-hfb-above-header-display":"","ast-hfb-below-header-display":"","ast-hfb-mobile-header-display":"","site-post-title":"disabled","ast-breadcrumbs-content":"","ast-featured-img":"disabled","footer-sml-layout":"","theme-transparent-header-meta":"","adv-header-id-meta":"","stick-header-meta":"","header-above-stick-meta":"","header-main-stick-meta":"","header-below-stick-meta":"","astra-migrate-meta-layouts":"","footnotes":""},"class_list":["post-284","page","type-page","status-publish","hentry"],"yoast_head":"<!-- This site is optimized with the Yoast SEO plugin v21.2 - https:\/\/yoast.com\/wordpress\/plugins\/seo\/ -->\n<title>Raskaskonehuolto - MS-Technic Oy<\/title>\n<meta name=\"robots\" content=\"index, follow, max-snippet:-1, max-image-preview:large, max-video-preview:-1\" \/>\n<link rel=\"canonical\" href=\"http:\/\/www.ms-technicoy.com\/en\/raskaskonehuolto\/\" \/>\n<meta property=\"og:locale\" content=\"en_US\" \/>\n<meta property=\"og:type\" content=\"article\" \/>\n<meta property=\"og:title\" content=\"Raskaskonehuolto - MS-Technic Oy\" \/>\n<meta property=\"og:description\" content=\"Raskaskonehuolto palvelee moniin erilaisiin tarpeisiin. Huollamme ja korjaamme kattavasti kaikki koneet ja laitteet sek\u00e4 kauttamme saa varaosat niihin. Meill\u00e4 tehd\u00e4\u00e4n my\u00f6s hydrauliikkaty\u00f6t, letkuty\u00f6t, paineen ja virtauksen mittausty\u00f6t sek\u00e4 satunnaisia tasapainoitust\u00f6it\u00e4. Otathan yhteytt\u00e4, Tomi Saari +358 45 1313 900\" \/>\n<meta property=\"og:url\" content=\"http:\/\/www.ms-technicoy.com\/en\/raskaskonehuolto\/\" \/>\n<meta property=\"og:site_name\" content=\"MS-Technic Oy\" \/>\n<meta property=\"article:publisher\" content=\"https:\/\/www.facebook.com\/mstekniikka\" \/>\n<meta property=\"article:modified_time\" content=\"2025-10-17T07:03:14+00:00\" \/>\n<meta property=\"og:image\" content=\"http:\/\/www.ms-technicoy.com\/wp-content\/uploads\/2024\/01\/Screenshot-2023-09-27-at-21-53-37-CBI_Logo-High-Pic.pdf.png\" \/>\n<meta name=\"twitter:card\" content=\"summary_large_image\" \/>\n<meta name=\"twitter:label1\" content=\"Est. reading time\" \/>\n\t<meta name=\"twitter:data1\" content=\"2 minutes\" \/>\n<script type=\"application\/ld+json\" class=\"yoast-schema-graph\">{\"@context\":\"https:\/\/schema.org\",\"@graph\":[{\"@type\":\"WebPage\",\"@id\":\"https:\/\/www.ms-technicoy.com\/raskaskonehuolto\/\",\"url\":\"https:\/\/www.ms-technicoy.com\/raskaskonehuolto\/\",\"name\":\"Raskaskonehuolto - MS-Technic Oy\",\"isPartOf\":{\"@id\":\"http:\/\/www.ms-technicoy.com\/#website\"},\"datePublished\":\"2023-09-27T10:45:56+00:00\",\"dateModified\":\"2025-10-17T07:03:14+00:00\",\"breadcrumb\":{\"@id\":\"https:\/\/www.ms-technicoy.com\/raskaskonehuolto\/#breadcrumb\"},\"inLanguage\":\"en-US\",\"potentialAction\":[{\"@type\":\"ReadAction\",\"target\":[\"https:\/\/www.ms-technicoy.com\/raskaskonehuolto\/\"]}]},{\"@type\":\"BreadcrumbList\",\"@id\":\"https:\/\/www.ms-technicoy.com\/raskaskonehuolto\/#breadcrumb\",\"itemListElement\":[{\"@type\":\"ListItem\",\"position\":1,\"name\":\"Etusivu\",\"item\":\"https:\/\/www.ms-technicoy.com\/\"},{\"@type\":\"ListItem\",\"position\":2,\"name\":\"Raskaskonehuolto\"}]},{\"@type\":\"WebSite\",\"@id\":\"http:\/\/www.ms-technicoy.com\/#website\",\"url\":\"http:\/\/www.ms-technicoy.com\/\",\"name\":\"MS-Technic Oy\",\"description\":\"\",\"publisher\":{\"@id\":\"http:\/\/www.ms-technicoy.com\/#organization\"},\"potentialAction\":[{\"@type\":\"SearchAction\",\"target\":{\"@type\":\"EntryPoint\",\"urlTemplate\":\"http:\/\/www.ms-technicoy.com\/?s={search_term_string}\"},\"query-input\":\"required name=search_term_string\"}],\"inLanguage\":\"en-US\"},{\"@type\":\"Organization\",\"@id\":\"http:\/\/www.ms-technicoy.com\/#organization\",\"name\":\"MS-Technic Oy\",\"url\":\"http:\/\/www.ms-technicoy.com\/\",\"logo\":{\"@type\":\"ImageObject\",\"inLanguage\":\"en-US\",\"@id\":\"http:\/\/www.ms-technicoy.com\/#\/schema\/logo\/image\/\",\"url\":\"http:\/\/www.ms-technicoy.com\/wp-content\/uploads\/2024\/02\/ms-teknii.png\",\"contentUrl\":\"http:\/\/www.ms-technicoy.com\/wp-content\/uploads\/2024\/02\/ms-teknii.png\",\"width\":500,\"height\":200,\"caption\":\"MS-Technic Oy\"},\"image\":{\"@id\":\"http:\/\/www.ms-technicoy.com\/#\/schema\/logo\/image\/\"},\"sameAs\":[\"https:\/\/www.facebook.com\/mstekniikka\"]}]}<\/script>\n<!-- \/ Yoast SEO plugin. -->","yoast_head_json":{"title":"Raskaskonehuolto - MS-Technic Oy","robots":{"index":"index","follow":"follow","max-snippet":"max-snippet:-1","max-image-preview":"max-image-preview:large","max-video-preview":"max-video-preview:-1"},"canonical":"http:\/\/www.ms-technicoy.com\/en\/raskaskonehuolto\/","og_locale":"en_US","og_type":"article","og_title":"Raskaskonehuolto - MS-Technic Oy","og_description":"Raskaskonehuolto palvelee moniin erilaisiin tarpeisiin. Huollamme ja korjaamme kattavasti kaikki koneet ja laitteet sek\u00e4 kauttamme saa varaosat niihin. Meill\u00e4 tehd\u00e4\u00e4n my\u00f6s hydrauliikkaty\u00f6t, letkuty\u00f6t, paineen ja virtauksen mittausty\u00f6t sek\u00e4 satunnaisia tasapainoitust\u00f6it\u00e4. Otathan yhteytt\u00e4, Tomi Saari +358 45 1313 900","og_url":"http:\/\/www.ms-technicoy.com\/en\/raskaskonehuolto\/","og_site_name":"MS-Technic Oy","article_publisher":"https:\/\/www.facebook.com\/mstekniikka","article_modified_time":"2025-10-17T07:03:14+00:00","og_image":[{"url":"http:\/\/www.ms-technicoy.com\/wp-content\/uploads\/2024\/01\/Screenshot-2023-09-27-at-21-53-37-CBI_Logo-High-Pic.pdf.png"}],"twitter_card":"summary_large_image","twitter_misc":{"Est. reading time":"2 minutes"},"schema":{"@context":"https:\/\/schema.org","@graph":[{"@type":"WebPage","@id":"https:\/\/www.ms-technicoy.com\/raskaskonehuolto\/","url":"https:\/\/www.ms-technicoy.com\/raskaskonehuolto\/","name":"Raskaskonehuolto - MS-Technic Oy","isPartOf":{"@id":"http:\/\/www.ms-technicoy.com\/#website"},"datePublished":"2023-09-27T10:45:56+00:00","dateModified":"2025-10-17T07:03:14+00:00","breadcrumb":{"@id":"https:\/\/www.ms-technicoy.com\/raskaskonehuolto\/#breadcrumb"},"inLanguage":"en-US","potentialAction":[{"@type":"ReadAction","target":["https:\/\/www.ms-technicoy.com\/raskaskonehuolto\/"]}]},{"@type":"BreadcrumbList","@id":"https:\/\/www.ms-technicoy.com\/raskaskonehuolto\/#breadcrumb","itemListElement":[{"@type":"ListItem","position":1,"name":"Etusivu","item":"https:\/\/www.ms-technicoy.com\/"},{"@type":"ListItem","position":2,"name":"Raskaskonehuolto"}]},{"@type":"WebSite","@id":"http:\/\/www.ms-technicoy.com\/#website","url":"http:\/\/www.ms-technicoy.com\/","name":"MS-Technic Oy","description":"","publisher":{"@id":"http:\/\/www.ms-technicoy.com\/#organization"},"potentialAction":[{"@type":"SearchAction","target":{"@type":"EntryPoint","urlTemplate":"http:\/\/www.ms-technicoy.com\/?s={search_term_string}"},"query-input":"required name=search_term_string"}],"inLanguage":"en-US"},{"@type":"Organization","@id":"http:\/\/www.ms-technicoy.com\/#organization","name":"MS-Technic Oy","url":"http:\/\/www.ms-technicoy.com\/","logo":{"@type":"ImageObject","inLanguage":"en-US","@id":"http:\/\/www.ms-technicoy.com\/#\/schema\/logo\/image\/","url":"http:\/\/www.ms-technicoy.com\/wp-content\/uploads\/2024\/02\/ms-teknii.png","contentUrl":"http:\/\/www.ms-technicoy.com\/wp-content\/uploads\/2024\/02\/ms-teknii.png","width":500,"height":200,"caption":"MS-Technic Oy"},"image":{"@id":"http:\/\/www.ms-technicoy.com\/#\/schema\/logo\/image\/"},"sameAs":["https:\/\/www.facebook.com\/mstekniikka"]}]}},"_links":{"self":[{"href":"http:\/\/www.ms-technicoy.com\/en\/wp-json\/wp\/v2\/pages\/284","targetHints":{"allow":["GET"]}}],"collection":[{"href":"http:\/\/www.ms-technicoy.com\/en\/wp-json\/wp\/v2\/pages"}],"about":[{"href":"http:\/\/www.ms-technicoy.com\/en\/wp-json\/wp\/v2\/types\/page"}],"author":[{"embeddable":true,"href":"http:\/\/www.ms-technicoy.com\/en\/wp-json\/wp\/v2\/users\/1"}],"replies":[{"embeddable":true,"href":"http:\/\/www.ms-technicoy.com\/en\/wp-json\/wp\/v2\/comments?post=284"}],"version-history":[{"count":17,"href":"http:\/\/www.ms-technicoy.com\/en\/wp-json\/wp\/v2\/pages\/284\/revisions"}],"predecessor-version":[{"id":759,"href":"http:\/\/www.ms-technicoy.com\/en\/wp-json\/wp\/v2\/pages\/284\/revisions\/759"}],"wp:attachment":[{"href":"http:\/\/www.ms-technicoy.com\/en\/wp-json\/wp\/v2\/media?parent=284"}],"curies":[{"name":"wp","href":"https:\/\/api.w.org\/{rel}","templated":true}]}}