{"id":57,"date":"2023-09-13T23:45:51","date_gmt":"2023-09-13T20:45:51","guid":{"rendered":"http:\/\/www.ms-technicoy.com\/?page_id=57"},"modified":"2024-06-26T16:11:28","modified_gmt":"2024-06-26T13:11:28","slug":"palvelut-2","status":"publish","type":"page","link":"http:\/\/www.ms-technicoy.com\/en\/palvelut-2\/","title":{"rendered":"Services"},"content":{"rendered":"<div data-elementor-type=\"wp-page\" data-elementor-id=\"57\" class=\"elementor elementor-57\">\n\t\t\t\t<div class=\"elementor-element elementor-element-15da6d00 e-con-full e-flex e-con e-parent\" data-id=\"15da6d00\" data-element_type=\"container\" data-settings=\"{&quot;content_width&quot;:&quot;full&quot;}\" data-core-v316-plus=\"true\">\n\t\t\t\t<div class=\"elementor-element elementor-element-d262b3 elementor-widget elementor-widget-text-editor\" data-id=\"d262b3\" data-element_type=\"widget\" data-widget_type=\"text-editor.default\">\n\t\t\t\t<div class=\"elementor-widget-container\">\n\t\t\t<style>\/*! elementor - v3.19.0 - 29-01-2024 *\/\n.elementor-widget-text-editor.elementor-drop-cap-view-stacked .elementor-drop-cap{background-color:#69727d;color:#fff}.elementor-widget-text-editor.elementor-drop-cap-view-framed .elementor-drop-cap{color:#69727d;border:3px solid;background-color:transparent}.elementor-widget-text-editor:not(.elementor-drop-cap-view-default) .elementor-drop-cap{margin-top:8px}.elementor-widget-text-editor:not(.elementor-drop-cap-view-default) .elementor-drop-cap-letter{width:1em;height:1em}.elementor-widget-text-editor .elementor-drop-cap{float:left;text-align:center;line-height:1;font-size:50px}.elementor-widget-text-editor .elementor-drop-cap-letter{display:inline-block}<\/style>\t\t\t\t<!-- wp:columns {\"align\":\"wide\"} -->\n<div class=\"wp-block-columns alignwide\"><!-- wp:column -->\n<div class=\"wp-block-column\"><!-- wp:heading -->\n<h2 class=\"wp-block-heading\"><strong>TS-Tuning<\/strong><\/h2>\n<!-- \/wp:heading --><!-- wp:paragraph -->\n<p>TS-Tuning tarjoaa monenlaisia palveluita kaikenlaisiin kulkineisiin liittyen, my\u00f6skin erikoisempiin ongelmiin!<\/p>\n<!-- \/wp:paragraph --><!-- wp:buttons -->\n<div class=\"wp-block-buttons\"><!-- wp:button -->\n<div class=\"wp-block-button\"><a class=\"wp-block-button__link wp-element-button\" href=\"http:\/\/www.ms-technicoy.com\/en\/ts-tuning\/\">Read more...<\/a><\/div>\n<!-- \/wp:button --><\/div>\n<!-- \/wp:buttons --><\/div>\n<!-- \/wp:column --><!-- wp:column -->\n<div class=\"wp-block-column\">\u00a0<\/div>\n<!-- \/wp:column --><\/div>\n<!-- \/wp:columns --><!-- wp:columns {\"align\":\"wide\"} -->\n<div class=\"wp-block-columns alignwide\"><!-- wp:column -->\n<div class=\"wp-block-column\"><!-- wp:heading -->\n<h2 class=\"wp-block-heading\"><strong>Construction services<\/strong><\/h2>\n<!-- \/wp:heading --><!-- wp:paragraph -->\n<p>Saneeraus, uudisrakentaminen, rakennuspeltity\u00f6t ja metallity\u00f6t.<\/p>\n<!-- \/wp:paragraph --><!-- wp:buttons -->\n<div class=\"wp-block-buttons\"><!-- wp:button -->\n<div class=\"wp-block-button\"><a class=\"wp-block-button__link wp-element-button\" href=\"http:\/\/www.ms-technicoy.com\/en\/rakennuspalvelut\/\">Read more...<\/a><\/div>\n<!-- \/wp:button --><\/div>\n<!-- \/wp:buttons --><\/div>\n<!-- \/wp:column --><!-- wp:column -->\n<div class=\"wp-block-column\">\u00a0<\/div>\n<!-- \/wp:column --><\/div>\n<!-- \/wp:columns --><!-- wp:columns {\"align\":\"wide\"} -->\n<div class=\"wp-block-columns alignwide\"><!-- wp:column -->\n<div class=\"wp-block-column\"><!-- wp:heading -->\n<h2 class=\"wp-block-heading\"><br \/><strong>Rahti Saari - Logistic services<\/strong><\/h2>\n<!-- \/wp:heading --><!-- wp:paragraph -->\n<p>We have timber transport, a replacement pallet truck and various pallet transports<\/p>\n<!-- \/wp:paragraph --><!-- wp:buttons -->\n<div class=\"wp-block-buttons\"><!-- wp:button -->\n<div class=\"wp-block-button\"><a class=\"wp-block-button__link wp-element-button\" href=\"http:\/\/www.ms-technicoy.com\/en\/rahti-saari-logistiikkapalvelut\/\">lue lis\u00e4\u00e4&#8230;<\/a><\/div>\n<!-- \/wp:button --><\/div>\n<!-- \/wp:buttons --><\/div>\n<!-- \/wp:column --><!-- wp:column -->\n<div class=\"wp-block-column\">\u00a0<\/div>\n<!-- \/wp:column --><\/div>\n<!-- \/wp:columns --><!-- wp:columns {\"align\":\"wide\"} -->\n<div class=\"wp-block-columns alignwide\"><!-- wp:column -->\n<div class=\"wp-block-column\"><!-- wp:heading -->\n<h2 class=\"wp-block-heading\"><strong>Heavy machinery maintanance<\/strong><\/h2>\n<!-- \/wp:heading --><!-- wp:paragraph -->\n<p>Sopimushuollot Cbi murskat ja hakkurit, Engon py\u00f6ritt\u00e4j\u00e4t, Webasto lis\u00e4l\u00e4mmittimet, Hidromek ja Takeuchi maanrakennus koneet.<\/p>\n<p>Huollamme ja korjaamme kattavasti my\u00f6s muun raskaan kaluston.<\/p>\n<!-- \/wp:paragraph --><!-- wp:buttons -->\n<div class=\"wp-block-buttons\"><!-- wp:button -->\n<div class=\"wp-block-button\"><a class=\"wp-block-button__link wp-element-button\" href=\"http:\/\/www.ms-technicoy.com\/en\/raskaskonehuolto\/\">Read more...<\/a><\/div>\n<!-- \/wp:button --><\/div>\n<!-- \/wp:buttons --><\/div>\n<!-- \/wp:column --><!-- wp:column -->\n<div class=\"wp-block-column\">\u00a0<\/div>\n<!-- \/wp:column --><\/div>\n<!-- \/wp:columns -->\t\t\t\t\t\t<\/div>\n\t\t\t\t<\/div>\n\t\t\t\t<\/div>\n\t\t\t\t<\/div>","protected":false},"excerpt":{"rendered":"<p>TS-Tuning TS-Tuning tarjoaa monenlaisia palveluita kaikenlaisiin kulkineisiin liittyen, my\u00f6skin erikoisempiin ongelmiin! \u00a0 Rakennuspalvelut Saneeraus, uudisrakentaminen, rakennuspeltity\u00f6t ja metallity\u00f6t. \u00a0 Rahti Saari \u2013 Logistiikkapalvelut Meilt\u00e4 l\u00f6ytyy puutavaran kuljetusta, vaihtolava-auto sek\u00e4 erilaiset lavettikuljetukset. \u00a0 Raskaskonehuolto Sopimushuollot Cbi murskat ja hakkurit, Engon py\u00f6ritt\u00e4j\u00e4t, Webasto lis\u00e4l\u00e4mmittimet, Hidromek ja Takeuchi maanrakennus koneet. Huollamme ja korjaamme kattavasti my\u00f6s muun raskaan kaluston. &hellip;<\/p>\n<p class=\"read-more\"> <a class=\"\" href=\"http:\/\/www.ms-technicoy.com\/en\/palvelut-2\/\"> <span class=\"screen-reader-text\">Services<\/span> Read More &raquo;<\/a><\/p>","protected":false},"author":1,"featured_media":0,"parent":0,"menu_order":0,"comment_status":"closed","ping_status":"closed","template":"","meta":{"site-sidebar-layout":"default","site-content-layout":"","ast-site-content-layout":"","site-content-style":"default","site-sidebar-style":"default","ast-global-header-display":"","ast-banner-title-visibility":"","ast-main-header-display":"","ast-hfb-above-header-display":"","ast-hfb-below-header-display":"","ast-hfb-mobile-header-display":"","site-post-title":"","ast-breadcrumbs-content":"","ast-featured-img":"","footer-sml-layout":"","theme-transparent-header-meta":"","adv-header-id-meta":"","stick-header-meta":"","header-above-stick-meta":"","header-main-stick-meta":"","header-below-stick-meta":"","astra-migrate-meta-layouts":"","footnotes":""},"class_list":["post-57","page","type-page","status-publish","hentry"],"yoast_head":"<!-- This site is optimized with the Yoast SEO plugin v21.2 - https:\/\/yoast.com\/wordpress\/plugins\/seo\/ -->\n<title>Palvelut - MS-Technic Oy<\/title>\n<meta name=\"robots\" content=\"index, follow, max-snippet:-1, max-image-preview:large, max-video-preview:-1\" \/>\n<link rel=\"canonical\" href=\"http:\/\/www.ms-technicoy.com\/en\/palvelut-2\/\" \/>\n<meta property=\"og:locale\" content=\"en_US\" \/>\n<meta property=\"og:type\" content=\"article\" \/>\n<meta property=\"og:title\" content=\"Palvelut - MS-Technic Oy\" \/>\n<meta property=\"og:description\" content=\"TS-Tuning TS-Tuning tarjoaa monenlaisia palveluita kaikenlaisiin kulkineisiin liittyen, my\u00f6skin erikoisempiin ongelmiin! \u00a0 Rakennuspalvelut Saneeraus, uudisrakentaminen, rakennuspeltity\u00f6t ja metallity\u00f6t. \u00a0 Rahti Saari \u2013 Logistiikkapalvelut Meilt\u00e4 l\u00f6ytyy puutavaran kuljetusta, vaihtolava-auto sek\u00e4 erilaiset lavettikuljetukset. \u00a0 Raskaskonehuolto Sopimushuollot Cbi murskat ja hakkurit, Engon py\u00f6ritt\u00e4j\u00e4t, Webasto lis\u00e4l\u00e4mmittimet, Hidromek ja Takeuchi maanrakennus koneet. Huollamme ja korjaamme kattavasti my\u00f6s muun raskaan kaluston. &hellip; Palvelut Read More &raquo;\" \/>\n<meta property=\"og:url\" content=\"http:\/\/www.ms-technicoy.com\/en\/palvelut-2\/\" \/>\n<meta property=\"og:site_name\" content=\"MS-Technic Oy\" \/>\n<meta property=\"article:publisher\" content=\"https:\/\/www.facebook.com\/mstekniikka\" \/>\n<meta property=\"article:modified_time\" content=\"2024-06-26T13:11:28+00:00\" \/>\n<meta name=\"twitter:card\" content=\"summary_large_image\" \/>\n<meta name=\"twitter:label1\" content=\"Est. reading time\" \/>\n\t<meta name=\"twitter:data1\" content=\"1 minute\" \/>\n<script type=\"application\/ld+json\" class=\"yoast-schema-graph\">{\"@context\":\"https:\/\/schema.org\",\"@graph\":[{\"@type\":\"WebPage\",\"@id\":\"http:\/\/www.ms-technicoy.com\/palvelut-2\/\",\"url\":\"http:\/\/www.ms-technicoy.com\/palvelut-2\/\",\"name\":\"Palvelut - MS-Technic Oy\",\"isPartOf\":{\"@id\":\"http:\/\/www.ms-technicoy.com\/#website\"},\"datePublished\":\"2023-09-13T20:45:51+00:00\",\"dateModified\":\"2024-06-26T13:11:28+00:00\",\"breadcrumb\":{\"@id\":\"http:\/\/www.ms-technicoy.com\/palvelut-2\/#breadcrumb\"},\"inLanguage\":\"en-US\",\"potentialAction\":[{\"@type\":\"ReadAction\",\"target\":[\"http:\/\/www.ms-technicoy.com\/palvelut-2\/\"]}]},{\"@type\":\"BreadcrumbList\",\"@id\":\"http:\/\/www.ms-technicoy.com\/palvelut-2\/#breadcrumb\",\"itemListElement\":[{\"@type\":\"ListItem\",\"position\":1,\"name\":\"Etusivu\",\"item\":\"https:\/\/www.ms-technicoy.com\/\"},{\"@type\":\"ListItem\",\"position\":2,\"name\":\"Palvelut\"}]},{\"@type\":\"WebSite\",\"@id\":\"http:\/\/www.ms-technicoy.com\/#website\",\"url\":\"http:\/\/www.ms-technicoy.com\/\",\"name\":\"MS-Technic Oy\",\"description\":\"\",\"publisher\":{\"@id\":\"http:\/\/www.ms-technicoy.com\/#organization\"},\"potentialAction\":[{\"@type\":\"SearchAction\",\"target\":{\"@type\":\"EntryPoint\",\"urlTemplate\":\"http:\/\/www.ms-technicoy.com\/?s={search_term_string}\"},\"query-input\":\"required name=search_term_string\"}],\"inLanguage\":\"en-US\"},{\"@type\":\"Organization\",\"@id\":\"http:\/\/www.ms-technicoy.com\/#organization\",\"name\":\"MS-Technic Oy\",\"url\":\"http:\/\/www.ms-technicoy.com\/\",\"logo\":{\"@type\":\"ImageObject\",\"inLanguage\":\"en-US\",\"@id\":\"http:\/\/www.ms-technicoy.com\/#\/schema\/logo\/image\/\",\"url\":\"http:\/\/www.ms-technicoy.com\/wp-content\/uploads\/2024\/02\/ms-teknii.png\",\"contentUrl\":\"http:\/\/www.ms-technicoy.com\/wp-content\/uploads\/2024\/02\/ms-teknii.png\",\"width\":500,\"height\":200,\"caption\":\"MS-Technic Oy\"},\"image\":{\"@id\":\"http:\/\/www.ms-technicoy.com\/#\/schema\/logo\/image\/\"},\"sameAs\":[\"https:\/\/www.facebook.com\/mstekniikka\"]}]}<\/script>\n<!-- \/ Yoast SEO plugin. -->","yoast_head_json":{"title":"Palvelut - MS-Technic Oy","robots":{"index":"index","follow":"follow","max-snippet":"max-snippet:-1","max-image-preview":"max-image-preview:large","max-video-preview":"max-video-preview:-1"},"canonical":"http:\/\/www.ms-technicoy.com\/en\/palvelut-2\/","og_locale":"en_US","og_type":"article","og_title":"Palvelut - MS-Technic Oy","og_description":"TS-Tuning TS-Tuning tarjoaa monenlaisia palveluita kaikenlaisiin kulkineisiin liittyen, my\u00f6skin erikoisempiin ongelmiin! \u00a0 Rakennuspalvelut Saneeraus, uudisrakentaminen, rakennuspeltity\u00f6t ja metallity\u00f6t. \u00a0 Rahti Saari \u2013 Logistiikkapalvelut Meilt\u00e4 l\u00f6ytyy puutavaran kuljetusta, vaihtolava-auto sek\u00e4 erilaiset lavettikuljetukset. \u00a0 Raskaskonehuolto Sopimushuollot Cbi murskat ja hakkurit, Engon py\u00f6ritt\u00e4j\u00e4t, Webasto lis\u00e4l\u00e4mmittimet, Hidromek ja Takeuchi maanrakennus koneet. Huollamme ja korjaamme kattavasti my\u00f6s muun raskaan kaluston. &hellip; Palvelut Read More &raquo;","og_url":"http:\/\/www.ms-technicoy.com\/en\/palvelut-2\/","og_site_name":"MS-Technic Oy","article_publisher":"https:\/\/www.facebook.com\/mstekniikka","article_modified_time":"2024-06-26T13:11:28+00:00","twitter_card":"summary_large_image","twitter_misc":{"Est. reading time":"1 minute"},"schema":{"@context":"https:\/\/schema.org","@graph":[{"@type":"WebPage","@id":"http:\/\/www.ms-technicoy.com\/palvelut-2\/","url":"http:\/\/www.ms-technicoy.com\/palvelut-2\/","name":"Palvelut - MS-Technic Oy","isPartOf":{"@id":"http:\/\/www.ms-technicoy.com\/#website"},"datePublished":"2023-09-13T20:45:51+00:00","dateModified":"2024-06-26T13:11:28+00:00","breadcrumb":{"@id":"http:\/\/www.ms-technicoy.com\/palvelut-2\/#breadcrumb"},"inLanguage":"en-US","potentialAction":[{"@type":"ReadAction","target":["http:\/\/www.ms-technicoy.com\/palvelut-2\/"]}]},{"@type":"BreadcrumbList","@id":"http:\/\/www.ms-technicoy.com\/palvelut-2\/#breadcrumb","itemListElement":[{"@type":"ListItem","position":1,"name":"Etusivu","item":"https:\/\/www.ms-technicoy.com\/"},{"@type":"ListItem","position":2,"name":"Palvelut"}]},{"@type":"WebSite","@id":"http:\/\/www.ms-technicoy.com\/#website","url":"http:\/\/www.ms-technicoy.com\/","name":"MS-Technic Oy","description":"","publisher":{"@id":"http:\/\/www.ms-technicoy.com\/#organization"},"potentialAction":[{"@type":"SearchAction","target":{"@type":"EntryPoint","urlTemplate":"http:\/\/www.ms-technicoy.com\/?s={search_term_string}"},"query-input":"required name=search_term_string"}],"inLanguage":"en-US"},{"@type":"Organization","@id":"http:\/\/www.ms-technicoy.com\/#organization","name":"MS-Technic Oy","url":"http:\/\/www.ms-technicoy.com\/","logo":{"@type":"ImageObject","inLanguage":"en-US","@id":"http:\/\/www.ms-technicoy.com\/#\/schema\/logo\/image\/","url":"http:\/\/www.ms-technicoy.com\/wp-content\/uploads\/2024\/02\/ms-teknii.png","contentUrl":"http:\/\/www.ms-technicoy.com\/wp-content\/uploads\/2024\/02\/ms-teknii.png","width":500,"height":200,"caption":"MS-Technic Oy"},"image":{"@id":"http:\/\/www.ms-technicoy.com\/#\/schema\/logo\/image\/"},"sameAs":["https:\/\/www.facebook.com\/mstekniikka"]}]}},"_links":{"self":[{"href":"http:\/\/www.ms-technicoy.com\/en\/wp-json\/wp\/v2\/pages\/57","targetHints":{"allow":["GET"]}}],"collection":[{"href":"http:\/\/www.ms-technicoy.com\/en\/wp-json\/wp\/v2\/pages"}],"about":[{"href":"http:\/\/www.ms-technicoy.com\/en\/wp-json\/wp\/v2\/types\/page"}],"author":[{"embeddable":true,"href":"http:\/\/www.ms-technicoy.com\/en\/wp-json\/wp\/v2\/users\/1"}],"replies":[{"embeddable":true,"href":"http:\/\/www.ms-technicoy.com\/en\/wp-json\/wp\/v2\/comments?post=57"}],"version-history":[{"count":19,"href":"http:\/\/www.ms-technicoy.com\/en\/wp-json\/wp\/v2\/pages\/57\/revisions"}],"predecessor-version":[{"id":739,"href":"http:\/\/www.ms-technicoy.com\/en\/wp-json\/wp\/v2\/pages\/57\/revisions\/739"}],"wp:attachment":[{"href":"http:\/\/www.ms-technicoy.com\/en\/wp-json\/wp\/v2\/media?parent=57"}],"curies":[{"name":"wp","href":"https:\/\/api.w.org\/{rel}","templated":true}]}}